{"id":1296,"date":"2026-02-06T15:18:44","date_gmt":"2026-02-06T15:18:44","guid":{"rendered":"https:\/\/gkmusica.com\/?post_type=product&#038;p=1296"},"modified":"2026-02-06T15:33:43","modified_gmt":"2026-02-06T15:33:43","slug":"plantilla-oficial-de-gk-v8-9-gratis-fl-studio-25","status":"publish","type":"product","link":"https:\/\/gkmusica.com\/en\/product\/plantilla-oficial-de-gk-v8-9-gratis-fl-studio-25\/","title":{"rendered":"Plantilla Oficial de GK v8.9 GRATIS \u2013 FL Studio 25"},"content":{"rendered":"<p>La estructura base que utilizo para iniciar mis proyectos en el estudio.<br \/>\nEsta versi\u00f3n GRATIS est\u00e1 enfocada \u00fanicamente en orden, ruteo inicial y organizaci\u00f3n visual, sin procesamiento aplicado.<\/p>\n<p>Es un punto de partida limpio, pensado para trabajar con claridad desde cero.<\/p>\n<p>Incluye<\/p>\n<p>Ruteo inicial del proyecto<\/p>\n<p>Organizaci\u00f3n b\u00e1sica de canales<\/p>\n<p>Colores y estructura del proyecto<\/p>\n<p>Sesi\u00f3n limpia y ordenada para comenzar a producir<\/p>\n<p>No incluye<\/p>\n<p>Cadenas de mezcla<\/p>\n<p>Plugins preconfigurados<\/p>\n<p>Automatizaciones<\/p>\n<p>Ajustes de ganancia (gain staging)<\/p>\n<p>Estructura de Master Bus<\/p>\n<p>Flujo de mezcla avanzado<\/p>\n<p>Para acceder a la plantilla completa con mezcla, automatizaci\u00f3n y flujo profesional, est\u00e1 disponible la versi\u00f3n PRO.<\/p>","protected":false},"excerpt":{"rendered":"<p>La estructura base que utilizo para iniciar mis proyectos en el estudio. Esta versi\u00f3n GRATIS est\u00e1 enfocada \u00fanicamente en orden,<\/p>\n<p><span class=\"more-link\"><a href=\"https:\/\/gkmusica.com\/en\/product\/plantilla-oficial-de-gk-v8-9-gratis-fl-studio-25\/\" class=\"readmore\">Continue reading<span class=\"screen-reader-text\">Plantilla Oficial de GK v8.9 GRATIS \u2013 FL Studio 25<\/span><\/a><\/span><\/p>","protected":false},"featured_media":1277,"comment_status":"open","ping_status":"closed","template":"","meta":{"_monsterinsights_skip_tracking":false,"_monsterinsights_sitenote_active":false,"_monsterinsights_sitenote_note":"","_monsterinsights_sitenote_category":0},"product_brand":[],"product_cat":[23],"product_tag":[],"class_list":{"0":"post-1296","1":"product","2":"type-product","3":"status-publish","4":"has-post-thumbnail","6":"product_cat-uncategorized","8":"first","9":"instock","10":"downloadable","11":"virtual","12":"purchasable","13":"product-type-simple"},"_links":{"self":[{"href":"https:\/\/gkmusica.com\/en\/wp-json\/wp\/v2\/product\/1296","targetHints":{"allow":["GET"]}}],"collection":[{"href":"https:\/\/gkmusica.com\/en\/wp-json\/wp\/v2\/product"}],"about":[{"href":"https:\/\/gkmusica.com\/en\/wp-json\/wp\/v2\/types\/product"}],"replies":[{"embeddable":true,"href":"https:\/\/gkmusica.com\/en\/wp-json\/wp\/v2\/comments?post=1296"}],"wp:featuredmedia":[{"embeddable":true,"href":"https:\/\/gkmusica.com\/en\/wp-json\/wp\/v2\/media\/1277"}],"wp:attachment":[{"href":"https:\/\/gkmusica.com\/en\/wp-json\/wp\/v2\/media?parent=1296"}],"wp:term":[{"taxonomy":"product_brand","embeddable":true,"href":"https:\/\/gkmusica.com\/en\/wp-json\/wp\/v2\/product_brand?post=1296"},{"taxonomy":"product_cat","embeddable":true,"href":"https:\/\/gkmusica.com\/en\/wp-json\/wp\/v2\/product_cat?post=1296"},{"taxonomy":"product_tag","embeddable":true,"href":"https:\/\/gkmusica.com\/en\/wp-json\/wp\/v2\/product_tag?post=1296"}],"curies":[{"name":"wp","href":"https:\/\/api.w.org\/{rel}","templated":true}]}}