{"id":957,"date":"2026-01-07T00:13:35","date_gmt":"2026-01-07T00:13:35","guid":{"rendered":"https:\/\/gkmusica.com\/?page_id=957"},"modified":"2026-01-21T03:55:08","modified_gmt":"2026-01-21T03:55:08","slug":"trabajemos-juntos","status":"publish","type":"page","link":"https:\/\/gkmusica.com\/en\/trabajemos-juntos\/","title":{"rendered":"Let's work together"},"content":{"rendered":"<p><!DOCTYPE html><br \/>\n<html lang=\"es\"><br \/>\n<head><br \/>\n  <meta charset=\"UTF-8\" \/><br \/>\n  <meta name=\"viewport\" content=\"width=device-width, initial-scale=1.0\" \/><br \/>\n  <title>Conecta Directo Con GK \u2013 Producci\u00f3n Profesional<\/title><\/p>\n<style>\n    body {\n      margin: 0;\n      font-family: Arial, sans-serif;\n      background: url('https:\/\/gkmusica.com\/wp-content\/uploads\/2025\/11\/GK-WORKS-HERO-IMAGE.jpg') no-repeat center center fixed;\n      background-size: cover;\n      color: #fff;\n      min-height: 100vh;\n      display: block;\n      padding-top: 0;\n    }\n    header,\n    footer,\n    .site-header,\n    .site-footer,\n    .wp-block-group.alignfull,\n    .single-post .site-header,\n    .single-post .site-footer,\n    .single-post .entry-footer,\n    .single-post .entry-meta,\n    .single-post .post-navigation,\n    .single-post .post-title,\n    .single-post .breadcrumbs,\n    .single-post .post-header,\n    .single-post .author-info,\n    .single-post .post-tags {\n      display: none !important;\n    }\n    .single-post .content-area,\n    .single-post article.post {\n      padding: 0 !important;\n      margin: 0 !important;\n      background: none !important;\n      box-shadow: none !important;\n    }\n    .funnel-optin {\n      display: flex;\n      flex-direction: row;\n      flex-wrap: wrap;\n      justify-content: center;\n      align-items: stretch;\n      width: 100%;\n      max-width: 1200px;\n      gap: 30px;\n      margin: 0 auto;\n    }\n    .container {\n      flex: 0 1 520px;\n      padding: 30px;\n      background: #1a1a1a!important;\n      border-radius: 12px;\n      box-shadow: 0 0 20px rgba(0,0,0,0.6);\n      text-align: center;\n    }\n    \/* ===== FUNNEL TYPOGRAPHY ONLY ===== *\/\n    .funnel-optin h1,\n    .funnel-optin h2 {\n      font-size: 22px;\n      margin: 0 0 10px;\n    }\n    .funnel-optin p {\n      font-size: 15px;\n      color: #ccc!important;\n      margin: 0 0 10px;\n    }\n    a.button-link, button.button-link {\n      display: inline-block;\n        background-image: linear-gradient(to right, #ff4a00, #e84300);\n      color: white;\n      padding: 12px 20px;\n      font-size: 16px;\n      border-radius: 6px;\n      text-decoration: none;\n      margin-top: 10px;\n      border: none;\n      cursor: pointer;\nfont-weight: normal !important;\n    }\n    a.button-link:hover, button.button-link:hover {\n      background-color: #e84300;\n    }\n    textarea, input[type=\"text\"], input[type=\"email\"], select {\n      width: 100%;\n      padding: 12px;\n      border-radius: 6px;\n      border: none;\n      font-size: 16px;\n      margin-bottom: 15px;\n        background-color: #ffffff !important;\n  color: #000000 !important;\n    }\n    form {\n      margin: 0;\n    }\n    label {\n      display: block;\n      font-size: 14px;\n      margin-bottom: 10px;\n      text-align: left;\n      color: #ccc;\n    }\n    .checkbox-group {\n      display: flex;\n      flex-direction: column;\n      gap: 8px;\n      margin-bottom: 15px;\n      text-align: left;\n    }\n    .progress-bar {\n      height: 8px;\n      background-color: #444;\n      border-radius: 5px;\n      overflow: hidden;\n      margin-bottom: 15px;\n    }\n    .progress-fill {\n      height: 100%;\n      background-color: #ff4a00;\n      width: 0%;\n      transition: width 0.3s ease;\n    }\n    .hidden { display: none; }<\/p>\n<p>    body > p:first-child {\n      display: none !important;\n      margin: 0 !important;\n      padding: 0 !important;\n    }\n    .entry-content > p:first-child {\n      display: none !important;\n      margin: 0 !important;\n      padding: 0 !important;\n    }\n    .wp-block-post-content > p:first-child {\n      display: none !important;\n      margin: 0 !important;\n      padding: 0 !important;\n    }<\/p>\n<p>          .container {\n        width: 100%;\n        max-width: 500px;\n      }\n    }<\/p>\n<p>      h2[style] {\n        font-size: 30px !important;\n        line-height: 1.15;\n      }\n    }\n      h2[style] {\n        font-size: 30px !important;\n        line-height: 1.15;\n      }\n    }\n      h2[style] {\n        font-size: 32px !important;\n        line-height: 1.15;\n      }\n    }<\/p>\n<p>    }\n  <\/style>\n<p><\/head><br \/>\n<body><\/p>\n<p>            <!-- ===== PAGE TITLE ===== --><\/p>\n<div style=\"\n    width:100%;\n    text-align:center;\n    margin:0;\n  \"><\/p>\n<div style=\"\n      display:inline-block;\n      padding:0px 24px!important;\n      border-radius:12px;\n      background-image: linear-gradient(to right, #ff4a00, #e84300);\n      box-shadow:0 0 20px rgba(0,0,0,0.6);\n    \"><\/p>\n<h1 style=\"\n        margin:0;\n        font-size: clamp(28px, 6vw, 53px);\n        font-weight:normal;\n        color:#ffffff;\n        line-height: 1.15;\n        white-space:normal;\n        word-break:keep-all;\n        overflow-wrap:normal;\n        hyphens:none;\n        text-align:center;\n      \">TRABAJEMOS JUNTOS<\/h1>\n<\/p><\/div>\n<\/p><\/div>\n<p>  <!-- ===== END PAGE TITLE ===== --><\/p>\n<p>    <!-- ===== HERO VIDEO ===== --><\/p>\n<div style=\"\n    width:100%;\n    max-width:350px;\n    margin:10px auto 30px;\n    text-align:center;\n  \"><br \/>\n    <video\n      src=\"https:\/\/gkmusica.com\/wp-content\/uploads\/LANDING%20PAGE%201080.mp4\"\n      autoplay\n      playsinline\n      controls\n      style=\"\n        width:100%;\n        height:auto;\n        border-radius:16px;\n        box-shadow:0 0 30px rgba(0,0,0,0.7);\n        background:#000;\n      \"><br \/>\n    <\/video>\n  <\/div>\n<p>  <!-- ===== END HERO VIDEO ===== --><\/p>\n<p>  <main class=\"funnel-optin\" id=\"funnel\"><\/p>\n<div class=\"container\" id=\"ready-box\">\n<h1>\u00bfEst\u00e1s dispuesto a invertir en tu carrera?<\/h1>\n<p style=\"margin-bottom: 10px;\">Solo para artistas que buscan calidad, direcci\u00f3n y resultados.<\/p>\n<p>      <button class=\"button-link\" onclick=\"mostrarPaso1Inversion()\">COMENZAR<\/button>\n    <\/div>\n<div class=\"container\" id=\"intro-box\">\n<h1>\u00bfA\u00fan no est\u00e1s listo?<\/h1>\n<p>Colaboremos con estos 3 beats completamente gratis.<\/p>\n<p>      <button class=\"button-link\" onclick=\"mostrarFormulario()\">DESCARGAR BEATS<\/button>\n    <\/div>\n<div class=\"container hidden\" id=\"form-box\">\n<h1>Cu\u00e9ntame sobre ti<\/h1>\n<p>Recuerda nombrarme y etiquetarme, pero antes cu\u00e9ntame de ti:<\/p>\n<form action=\"https:\/\/formspree.io\/f\/mdakqkpg\" method=\"POST\">\n        <input type=\"text\" name=\"nombre\" placeholder=\"Nombre\" required \/><br \/>\n        <input type=\"email\" name=\"email\" placeholder=\"Email\" required \/><br \/>\n        <textarea name=\"mensaje\" rows=\"4\" placeholder=\"\u00bfQui\u00e9n eres, qu\u00e9 haces y qu\u00e9 te motiva en la m\u00fasica?\" required><\/textarea><br \/>\n        <label><input type=\"checkbox\" name=\"acepta\" required> Confirmo que entiendo y acepto que Hear This Music no tiene ninguna afiliaci\u00f3n con este acuerdo, ni puede ser mencionado o etiquetado en las canciones. Esta es una oferta directa de GK y los artistas involucrados.<\/label><br \/>\n        <input type=\"hidden\" name=\"categoria\" value=\"No listo para invertir\" \/><br \/>\n        <button type=\"submit\" class=\"button-link\">DESCARGAR AHORA<\/button><\/p>\n<p style=\"margin:6px 0 0;font-size:14px;color:#aaa;cursor:pointer;\"\n   onclick=\"volverAInicio()\">Atr\u00e1s<\/p>\n<\/p><\/form>\n<\/p><\/div>\n<div class=\"container hidden\" id=\"form-inversion\">\n<h1>Conectemos y veamos c\u00f3mo trabajar juntos<\/h1>\n<div class=\"progress-bar\">\n<div id=\"progress-fill\" class=\"progress-fill\"><\/div>\n<\/div>\n<form id=\"inversionForm\" action=\"https:\/\/formspree.io\/f\/xgvrwdng\" method=\"POST\">\n<div id=\"paso1\">\n          <input type=\"text\" name=\"nombre\" placeholder=\"Nombre\" required \/><br \/>\n          <input type=\"email\" name=\"email\" placeholder=\"Email\" required \/><br \/>\n          <button type=\"button\" class=\"button-link\" onclick=\"siguientePaso(2)\">CONTINUAR<\/button><\/p>\n<p style=\"margin:6px 0 14px;font-size:14px;color:#aaa;cursor:pointer;\"\n   onclick=\"volverAInicio()\">Atr\u00e1s<\/p>\n<\/p><\/div>\n<div id=\"paso2\" class=\"hidden\">\n          <input type=\"text\" name=\"artista\" placeholder=\"Nombre de Artista\/Empresa (opcional)\" \/><br \/>\n          <button type=\"button\" class=\"button-link\" onclick=\"siguientePaso(3)\">CONTINUAR<\/button><\/p>\n<p style=\"margin-top:6px; font-size:14px; color:#aaa; cursor:pointer;\"\n   onclick=\"siguientePaso(1)\">Atr\u00e1s<\/p>\n<\/p><\/div>\n<div id=\"paso3\" class=\"hidden\">\n          <input type=\"text\" name=\"social\" placeholder=\"Instagram (Ejemplo: @usuario)\" \/><br \/>\n          <button type=\"button\" class=\"button-link\" onclick=\"siguientePaso(4)\">CONTINUAR<\/button><\/p>\n<p style=\"margin-top:6px;font-size:14px;color:#aaa;cursor:pointer;\"\n     onclick=\"siguientePaso(2)\">Atr\u00e1s<\/p>\n<\/p><\/div>\n<div id=\"paso4\" class=\"hidden\">\n          <label>\u00bfQu\u00e9 servicio necesitas? (Selecciona todas las opciones que apliquen):<\/label><\/p>\n<div class=\"checkbox-group\">\n            <label><input type=\"checkbox\" name=\"servicios[]\" value=\"Producci\u00f3n Musical\"> Producci\u00f3n Musical<\/label><br \/>\n            <label><input type=\"checkbox\" name=\"servicios[]\" value=\"Mezcla &#038; Masterizaci\u00f3n\"> Mezcla &#038; Masterizaci\u00f3n<\/label><br \/>\n            <label><input type=\"checkbox\" name=\"servicios[]\" value=\"Consultor\u00eda \/ Coaching\"> Consultor\u00eda \/ Coaching<\/label><br \/>\n            <label><input type=\"checkbox\" name=\"servicios[]\" value=\"Beats Personalizados\"> Beats Personalizados<\/label><br \/>\n            <label><input type=\"checkbox\" name=\"servicios[]\" value=\"Dise\u00f1o de Sonido\"> Dise\u00f1o de Sonido<\/label><br \/>\n            <label><input type=\"checkbox\" name=\"servicios[]\" value=\"Otro\"> Otro<\/label>\n          <\/div>\n<p>          <button type=\"button\" class=\"button-link\" onclick=\"siguientePaso(5)\">CONTINUAR<\/button><\/p>\n<p style=\"margin-top:6px;font-size:14px;color:#aaa;cursor:pointer;\"\n     onclick=\"siguientePaso(3)\">Atr\u00e1s<\/p>\n<\/p><\/div>\n<div id=\"paso5\" class=\"hidden\">\n          <textarea name=\"proyecto\" rows=\"4\" placeholder=\"H\u00e1blame brevemente de tu proyecto...\" required><\/textarea><br \/>\n          <button type=\"button\" class=\"button-link\" onclick=\"siguientePaso(6)\">CONTINUAR<\/button><\/p>\n<p style=\"margin-top:6px;font-size:14px;color:#aaa;cursor:pointer;\"\n     onclick=\"siguientePaso(4)\">Atr\u00e1s<\/p>\n<\/p><\/div>\n<div id=\"paso6\" class=\"hidden\">\n          <label for=\"presupuesto\">\u00bfCu\u00e1l es tu presupuesto aproximado?<\/label><br \/>\n          <select name=\"presupuesto\" required><option value=\"\">Elige tu presupuesto<\/option><option value=\"Menos de $800\">Menos de $800<\/option><option value=\"$800 - $2,600\">$800 &#8211; $2,600<\/option><option value=\"M\u00e1s de $3,500\">M\u00e1s de $3,500<\/option><\/select><br \/>\n          <button type=\"button\" class=\"button-link\" onclick=\"siguientePaso(7)\">CONTINUAR<\/button><\/p>\n<p style=\"margin-top:6px;font-size:14px;color:#aaa;cursor:pointer;\"\n     onclick=\"siguientePaso(5)\">Atr\u00e1s<\/p>\n<\/p><\/div>\n<div id=\"paso7\" class=\"hidden\">\n          <label for=\"disponibilidad\">Disponibilidad para comenzar el proyecto *<\/label><br \/>\n          <select name=\"disponibilidad\" required><option value=\"\">Selecciona una opci\u00f3n<\/option><option value=\"Flexible, sin prisa\">Flexible, sin prisa<\/option><option value=\"1-2 semanas\">1-2 semanas<\/option><option value=\"1 mes\">1 mes<\/option><option value=\"Lo antes posible\">Lo antes posible<\/option><\/select><br \/>\n          <button type=\"button\" class=\"button-link\" onclick=\"siguientePaso(8)\">CONTINUAR<\/button><\/p>\n<p style=\"margin-top:6px;font-size:14px;color:#aaa;cursor:pointer;\"\n     onclick=\"siguientePaso(6)\">Atr\u00e1s<\/p>\n<\/p><\/div>\n<div id=\"paso8\" class=\"hidden\">\n          <textarea name=\"info\" rows=\"4\" placeholder=\"Informaci\u00f3n adicional que quieras compartir, links para tu idea, requerimientos, etc...\" required><\/textarea><br \/>\n          <input type=\"hidden\" name=\"categoria\" value=\"Listo para invertir\" \/><br \/>\n          <button type=\"submit\" class=\"button-link\">ENVIAR<\/button><\/p>\n<p style=\"margin-top:6px;font-size:14px;color:#aaa;cursor:pointer;\"\n     onclick=\"siguientePaso(7)\">Atr\u00e1s<\/p>\n<\/p><\/div>\n<\/p><\/form>\n<\/p><\/div>\n<p>  <\/main><\/p>\n<p>  <script>\n    function mostrarFormulario() {\n      document.getElementById('form-box').classList.remove('hidden');\n      document.getElementById('intro-box').style.display = 'none';\n      document.getElementById('ready-box').style.display = 'none';\n    }\n    function mostrarPaso1Inversion() {\n      document.getElementById('form-inversion').classList.remove('hidden');\n      document.getElementById('intro-box').style.display = 'none';\n      document.getElementById('ready-box').style.display = 'none';\n      document.getElementById('paso1').classList.remove('hidden');\n      actualizarBarra(1);\n    }\n    function siguientePaso(num) {\n      const total = 8;\n      for (let i = 1; i <= total; i++) {\n        document.getElementById('paso' + i).classList.add('hidden');\n      }\n      document.getElementById('paso' + num).classList.remove('hidden');\n      actualizarBarra(num);\n    }\n    function actualizarBarra(paso) {\n      const total = 8;\n      const porcentaje = ((paso - 1) \/ total) * 100;\n      document.getElementById('progress-fill').style.width = porcentaje + '%';\n    }\nfunction volverAInicio() {\n  \/\/ Hide forms\n  document.getElementById('form-inversion').classList.add('hidden');\n  document.getElementById('form-box').classList.add('hidden');\n\n  \/\/ Reset choice boxes\n  document.getElementById('ready-box').style.display = 'block';\n  document.getElementById('intro-box').style.display = 'block';\n\n  \/\/ Reset progress bar\n  document.getElementById('progress-fill').style.width = '0%';\n\n  \/\/ Hide all steps just in case\n  for (let i = 1; i <= 8; i++) {\n    const paso = document.getElementById('paso' + i);\n    if (paso) paso.classList.add('hidden');\n  }\n}\n\n  <\/script><br \/>\n<!-- ===== GK PLAYLIST SECTION ===== --><\/p>\n<div style=\"width:100%; max-width:1200px; margin:10px auto 0; text-align:center;\">\n<div style=\"\n    display:inline-block;\n    padding:0px 40px;\n    margin-bottom:20px;\n    border-radius:12px;\n    background-image: linear-gradient(to right, #ff4a00, #e84300);\n    box-shadow:0 0 20px rgba(0,0,0,0.6);\n  \"><\/p>\n<h2 style=\"\n      margin:0;\n      font-size: clamp(24px, 7vw, 53px);\n      font-weight:normal;\n      color:#ffffff;\n      line-height: 1.15;\n      white-space:normal;\n      word-break:keep-all;\n      overflow-wrap:normal;\n      hyphens:none;\n      text-align:center;\n    \">ESCUCHA MI TRABAJO<\/h2>\n<\/p><\/div>\n<div style=\"\n    background:#1a1a1a;\n    padding:20px;\n    border-radius:12px;\n    box-shadow:0 0 20px rgba(0,0,0,0.6);\n  \"><br \/>\n    <iframe data-testid=\"embed-iframe\" style=\"border-radius:12px\" src=\"https:\/\/open.spotify.com\/embed\/playlist\/61KxKpK6P6VDKbzuluuTmD?utm_source=generator&#038;theme=0\" width=\"100%\" height=\"352\" frameBorder=\"0\" allowfullscreen=\"\" allow=\"autoplay; clipboard-write; encrypted-media; fullscreen; picture-in-picture\" loading=\"lazy\"><\/iframe>\n  <\/div>\n<\/div>\n<p><!-- ===== END GK PLAYLIST SECTION ===== --><\/p>\n<p><\/body><br \/>\n<\/html><\/p>\n","protected":false},"excerpt":{"rendered":"<p>Conecta Directo Con GK \u2013 Producci\u00f3n Profesional TRABAJEMOS JUNTOS \u00bfEst\u00e1s dispuesto a invertir en tu carrera? Solo para artistas que<\/p>\n<p><span class=\"more-link\"><a href=\"https:\/\/gkmusica.com\/en\/trabajemos-juntos\/\" class=\"readmore\">Continue reading<span class=\"screen-reader-text\">Let's work together<\/span><\/a><\/span><\/p>","protected":false},"author":1,"featured_media":1011,"parent":0,"menu_order":0,"comment_status":"closed","ping_status":"closed","template":"","meta":{"_monsterinsights_skip_tracking":false,"_monsterinsights_sitenote_active":false,"_monsterinsights_sitenote_note":"","_monsterinsights_sitenote_category":0,"footnotes":""},"class_list":["post-957","page","type-page","status-publish","has-post-thumbnail","hentry"],"_links":{"self":[{"href":"https:\/\/gkmusica.com\/en\/wp-json\/wp\/v2\/pages\/957","targetHints":{"allow":["GET"]}}],"collection":[{"href":"https:\/\/gkmusica.com\/en\/wp-json\/wp\/v2\/pages"}],"about":[{"href":"https:\/\/gkmusica.com\/en\/wp-json\/wp\/v2\/types\/page"}],"author":[{"embeddable":true,"href":"https:\/\/gkmusica.com\/en\/wp-json\/wp\/v2\/users\/1"}],"replies":[{"embeddable":true,"href":"https:\/\/gkmusica.com\/en\/wp-json\/wp\/v2\/comments?post=957"}],"version-history":[{"count":192,"href":"https:\/\/gkmusica.com\/en\/wp-json\/wp\/v2\/pages\/957\/revisions"}],"predecessor-version":[{"id":1207,"href":"https:\/\/gkmusica.com\/en\/wp-json\/wp\/v2\/pages\/957\/revisions\/1207"}],"wp:featuredmedia":[{"embeddable":true,"href":"https:\/\/gkmusica.com\/en\/wp-json\/wp\/v2\/media\/1011"}],"wp:attachment":[{"href":"https:\/\/gkmusica.com\/en\/wp-json\/wp\/v2\/media?parent=957"}],"curies":[{"name":"wp","href":"https:\/\/api.w.org\/{rel}","templated":true}]}}