{"id":1211,"date":"2026-01-25T20:10:52","date_gmt":"2026-01-25T20:10:52","guid":{"rendered":"https:\/\/gkmusica.com\/?page_id=1211"},"modified":"2026-01-25T20:21:04","modified_gmt":"2026-01-25T20:21:04","slug":"revision-en-proceso","status":"publish","type":"page","link":"https:\/\/gkmusica.com\/en\/revision-en-proceso\/","title":{"rendered":"Revisi\u00f3n en proceso"},"content":{"rendered":"<p><!DOCTYPE html><br \/>\n<html lang=\"es\"><br \/>\n<head><br \/>\n  <meta charset=\"UTF-8\" \/><br \/>\n  <meta name=\"viewport\" content=\"width=device-width, initial-scale=1.0\" \/><br \/>\n  <title>Conecta Directo Con GK \u2013 Producci\u00f3n Profesional<\/title><\/p>\n<style>\n    body {\n      margin: 0;\n      font-family: Arial, sans-serif;\n      background: url('https:\/\/gkmusica.com\/wp-content\/uploads\/2025\/11\/GK-WORKS-HERO-IMAGE.jpg') no-repeat center center fixed;\n      background-size: cover;\n      color: #fff;\n      min-height: 100vh;\n      display: block;\n      padding-top: 0;\n     }\n    header,\n    footer,\n    .site-header,\n    .site-footer,\n    .wp-block-group.alignfull,\n    .single-post .site-header,\n    .single-post .site-footer,\n    .single-post .entry-footer,\n    .single-post .entry-meta,\n    .single-post .post-navigation,\n    .single-post .post-title,\n    .single-post .breadcrumbs,\n    .single-post .post-header,\n    .single-post .author-info,\n    .single-post .post-tags {\n      display: none !important;\n    }\n    .single-post .content-area,\n    .single-post article.post {\n      padding: 0 !important;\n      margin: 0 !important;\n      background: none !important;\n      box-shadow: none !important;\n    }\n    .funnel-optin {\n  display: flex;\n  justify-content: center;   \/* horizontal center *\/\n  align-items: center;       \/* vertical center *\/\n  width: 100%;\n  max-width: 1200px;\n  min-height: 100vh;         \/* \u2b05\ufe0f THIS is the key change *\/\n  margin: 0 auto;            \/* \u2b05\ufe0f removed top\/bottom margin *\/\n  padding: 0 20px;\n  box-sizing: border-box;\n}\n.highlight {\n      color: #ff4a00;\n      font-weight: bold;\n    }\n    .container {\n      flex: 0 1 520px;\n      padding: 30px;\n      background: #1a1a1a!important;\n      border-radius: 12px;\n      box-shadow: 0 0 20px rgba(0,0,0,0.6);\n      text-align: center;\n    }\n    \/* ===== FUNNEL TYPOGRAPHY ONLY ===== *\/\n    .funnel-optin h1,\n    .funnel-optin h2 {\n      font-size: 22px;\n      margin: 0 0 10px;\n    }\n    .funnel-optin p {\n      font-size: 15px;\n      color: #ccc!important;\n      margin: 0 0 10px;\n    }\n    a.button-link, button.button-link {\n      display: inline-block;\n        background-image: linear-gradient(to right, #ff4a00, #e84300);\n      color: white;\n      padding: 12px 20px;\n      font-size: 16px;\n      border-radius: 6px;\n      text-decoration: none;\n      margin-top: 10px;\n      border: none;\n      cursor: pointer;\nfont-weight: normal !important;\n    }\n    a.button-link:hover, button.button-link:hover {\n      background-color: #e84300;\n    }\n    textarea, input[type=\"text\"], input[type=\"email\"], select {\n      width: 100%;\n      padding: 12px;\n      border-radius: 6px;\n      border: none;\n      font-size: 16px;\n      margin-bottom: 15px;\n        background-color: #ffffff !important;\n  color: #000000 !important;\n    }\n    form {\n      margin: 0;\n    }\n    label {\n      display: block;\n      font-size: 14px;\n      margin-bottom: 10px;\n      text-align: left;\n      color: #ccc;\n    }\n    .checkbox-group {\n      display: flex;\n      flex-direction: column;\n      gap: 8px;\n      margin-bottom: 15px;\n      text-align: left;\n    }\n    .progress-bar {\n      height: 8px;\n      background-color: #444;\n      border-radius: 5px;\n      overflow: hidden;\n      margin-bottom: 15px;\n    }\n    .progress-fill {\n      height: 100%;\n      background-color: #ff4a00;\n      width: 0%;\n      transition: width 0.3s ease;\n    }\n    .hidden { display: none; }<\/p>\n<p>    body > p:first-child {\n      display: none !important;\n      margin: 0 !important;\n      padding: 0 !important;\n    }\n    .entry-content > p:first-child {\n      display: none !important;\n      margin: 0 !important;\n      padding: 0 !important;\n    }\n    .wp-block-post-content > p:first-child {\n      display: none !important;\n      margin: 0 !important;\n      padding: 0 !important;\n    }<\/p>\n<p>          .container {\n        width: 100%;\n        max-width: 500px;\n      }\n    }<\/p>\n<p>      h2[style] {\n        font-size: 30px !important;\n        line-height: 1.15;\n      }\n    }\n      h2[style] {\n        font-size: 30px !important;\n        line-height: 1.15;\n      }\n    }\n      h2[style] {\n        font-size: 32px !important;\n        line-height: 1.15;\n      }\n    }<\/p>\n<p>    }<\/p>\n<\/style>\n<p><\/head><body><main class=\"funnel-optin\"><\/p>\n<div class=\"container\">\n<h1>Gracias.<\/h1>\n<p>\n        Ya recib\u00ed tu mensaje y tu <span class=\"highlight\">inter\u00e9s real en invertir<\/span> en tu proyecto.\n      <\/p>\n<p>\n        <span class=\"highlight\">Me estar\u00e9 comunicando contigo directamente<\/span><br \/>\n        para hablar de los pr\u00f3ximos pasos y confirmar si tiene sentido trabajar juntos.\n      <\/p>\n<p>\n        Mientras tanto, ten clara tu visi\u00f3n y lo que quieres lograr con tu m\u00fasica.\n      <\/p>\n<\/p><\/div>\n<p>  <\/main><\/p>\n<p><\/body><br \/>\n<\/html><\/p>\n","protected":false},"excerpt":{"rendered":"<p>Conecta Directo Con GK \u2013 Producci\u00f3n Profesional Gracias. Ya recib\u00ed tu mensaje y tu inter\u00e9s real en invertir en tu<\/p>\n<p><span class=\"more-link\"><a href=\"https:\/\/gkmusica.com\/en\/revision-en-proceso\/\" class=\"readmore\">Continue reading<span class=\"screen-reader-text\">Revisi\u00f3n en proceso<\/span><\/a><\/span><\/p>","protected":false},"author":1,"featured_media":0,"parent":0,"menu_order":0,"comment_status":"closed","ping_status":"closed","template":"","meta":{"_monsterinsights_skip_tracking":false,"_monsterinsights_sitenote_active":false,"_monsterinsights_sitenote_note":"","_monsterinsights_sitenote_category":0,"footnotes":""},"class_list":["post-1211","page","type-page","status-publish","hentry"],"_links":{"self":[{"href":"https:\/\/gkmusica.com\/en\/wp-json\/wp\/v2\/pages\/1211","targetHints":{"allow":["GET"]}}],"collection":[{"href":"https:\/\/gkmusica.com\/en\/wp-json\/wp\/v2\/pages"}],"about":[{"href":"https:\/\/gkmusica.com\/en\/wp-json\/wp\/v2\/types\/page"}],"author":[{"embeddable":true,"href":"https:\/\/gkmusica.com\/en\/wp-json\/wp\/v2\/users\/1"}],"replies":[{"embeddable":true,"href":"https:\/\/gkmusica.com\/en\/wp-json\/wp\/v2\/comments?post=1211"}],"version-history":[{"count":9,"href":"https:\/\/gkmusica.com\/en\/wp-json\/wp\/v2\/pages\/1211\/revisions"}],"predecessor-version":[{"id":1220,"href":"https:\/\/gkmusica.com\/en\/wp-json\/wp\/v2\/pages\/1211\/revisions\/1220"}],"wp:attachment":[{"href":"https:\/\/gkmusica.com\/en\/wp-json\/wp\/v2\/media?parent=1211"}],"curies":[{"name":"wp","href":"https:\/\/api.w.org\/{rel}","templated":true}]}}